{"id":659,"date":"2023-02-26T15:11:01","date_gmt":"2023-02-26T18:11:01","guid":{"rendered":"http:\/\/www.viniciusfavarin.com\/?page_id=659"},"modified":"2019-03-10T17:44:45","modified_gmt":"2019-03-10T20:44:45","slug":"sobre-nos","status":"publish","type":"page","link":"https:\/\/wiy.com.br\/noticias\/sobre-nos\/","title":{"rendered":"Sobre N\u00f3s"},"content":{"rendered":"<h1>A Empresa<\/h1>\n<p><b>Somos especializados no desenvolvimento,\u00a0<a href=\"https:\/\/wiy.com.br\/criacao-de-sites\/\">cria\u00e7\u00e3o de Sites<\/a>\u00a0e\u00a0<a href=\"https:\/\/wiy.com.br\/loja-virtual\/\">Loja Virtual<\/a>, fazendo da internet um poderoso meio de comunica\u00e7\u00e3o entre voc\u00ea e seus clientes. Nossos sites e Lojas Virtuais s\u00e3o administr\u00e1veis, ou seja, voc\u00ea mesmo poder\u00e1 atualizar.<\/b><\/p>\n<div id=\"advads-574259237\" class=\"advads-content\"><a href=\"https:\/\/oferta.wordseo.com.br\/\" target=\"_blank\" rel=\"noopener\"><img title = \"[Tags]\"loading=\"lazy\" decoding=\"async\" class=\"aligncenter size-large wp-image-6745\" src=\"https:\/\/wiy.com.br\/noticias\/wp-content\/uploads\/2019\/02\/banner-04-inclua-brasil-mwplus-1024x573.jpg\"alt = \"banner-04-inclua-brasil-mwplus-1024x573 Sobre N\u00f3s\" width=\"640\" height=\"358\" srcset=\"https:\/\/wiy.com.br\/noticias\/wp-content\/uploads\/2019\/02\/banner-04-inclua-brasil-mwplus-1024x573.jpg 1024w, https:\/\/wiy.com.br\/noticias\/wp-content\/uploads\/2019\/02\/banner-04-inclua-brasil-mwplus-300x168.jpg 300w, https:\/\/wiy.com.br\/noticias\/wp-content\/uploads\/2019\/02\/banner-04-inclua-brasil-mwplus-768x430.jpg 768w, https:\/\/wiy.com.br\/noticias\/wp-content\/uploads\/2019\/02\/banner-04-inclua-brasil-mwplus-750x420.jpg 750w, https:\/\/wiy.com.br\/noticias\/wp-content\/uploads\/2019\/02\/banner-04-inclua-brasil-mwplus-640x358.jpg 640w, https:\/\/wiy.com.br\/noticias\/wp-content\/uploads\/2019\/02\/banner-04-inclua-brasil-mwplus-681x381.jpg 681w, https:\/\/wiy.com.br\/noticias\/wp-content\/uploads\/2019\/02\/banner-04-inclua-brasil-mwplus.jpg 2000w\" sizes=\"auto, (max-width: 640px) 100vw, 640px\" \/><\/a><\/div>\n<p>Criar um Site ou Loja significa que a empresa possui uma presen\u00e7a digital, por\u00e9m, de nada adianta ter uma presen\u00e7a se a mesma n\u00e3o for forte o suficiente para gerar interesse e impacto nas pessoas que desejam adquirir produtos e servi\u00e7os. Cria\u00e7\u00e3o e\u00a0<a href=\"https:\/\/wiy.com.br\/desenvolvimento-de-sites\/\">Desenvolvimento de Sites<\/a>\u00a0em Curitiba.<\/p>\n<p>Web design e desenvolvimento: arquitetura, estilo, gr\u00e1ficos, elabora\u00e7\u00e3o, prot\u00f3tipo. Cria\u00e7\u00e3o de Websites: desenvolvimento com qualidade para o seu website. Refa\u00e7a o seu site conosco: Sua web esta precisando de uma cara nova? Manuten\u00e7\u00e3o: gerenciamento de conte\u00fado, links, mecanismos de busca, promo\u00e7\u00e3o.<\/p>\n<p>SEO Sites otimizados para os buscadores. Melhoramos a constru\u00e7\u00e3o de um site j\u00e1 existente para adequ\u00e1-lo aos servi\u00e7os de busca Google, Yahoo, etc. Manuten\u00e7\u00e3o conte\u00fado on line . Cria\u00e7\u00e3o de novas p\u00e1ginas para webs j\u00e1 existentes. Atualiza\u00e7\u00e3o de informa\u00e7\u00f5es em textos e imagens. Atualiza\u00e7\u00e3o de cat\u00e1logos on line. Implanta\u00e7\u00e3o de plataformas de Ensino \u00e0 Dist\u00e2ncia (EaD).<\/p>\n<p>Atualiza\u00e7\u00e3o de Sites, Manuten\u00e7\u00e3o de Sites.<\/p>\n<h1 class=\"entry-title\">Cria\u00e7\u00e3o de Sites em Curitiba<\/h1>\n<div class=\"entry-content clearfix\">\n<div id=\"attachment_3897\" class=\"wp-caption aligncenter\"><a href=\"https:\/\/wiy.com.br\/criacao-de-sites-em-curitiba\/criacao-de-sites-curitiba-3\/\" rel=\"attachment wp-att-3897\"><img title = \"[Tags]\"loading=\"lazy\" decoding=\"async\" class=\" wp-image-3897\" src=\"https:\/\/wiy.com.br\/wp-content\/uploads\/2018\/11\/criacao-de-sites-curitiba.png\" sizes=\"auto, (max-width: 566px) 100vw, 566px\" srcset=\"https:\/\/wiy.com.br\/wp-content\/uploads\/2018\/11\/criacao-de-sites-curitiba.png 1920w, https:\/\/wiy.com.br\/wp-content\/uploads\/2018\/11\/criacao-de-sites-curitiba-300x191.png 300w, https:\/\/wiy.com.br\/wp-content\/uploads\/2018\/11\/criacao-de-sites-curitiba-768x488.png 768w, https:\/\/wiy.com.br\/wp-content\/uploads\/2018\/11\/criacao-de-sites-curitiba-1024x651.png 1024w, https:\/\/wiy.com.br\/wp-content\/uploads\/2018\/11\/criacao-de-sites-curitiba-940x598.png 940w, https:\/\/wiy.com.br\/wp-content\/uploads\/2018\/11\/criacao-de-sites-curitiba-760x483.png 760w\"alt = \"banner-04-inclua-brasil-mwplus-1024x573 Sobre N\u00f3s\" width=\"566\" height=\"360\" \/><\/a><\/p>\n<p class=\"wp-caption-text\"><a href=\"https:\/\/wiy.com.br\/criacao-de-sites-em-curitiba-2\/\">Cria\u00e7\u00e3o de Sites em Curitiba<\/a><\/p>\n<\/div>\n<h1>Cria\u00e7\u00e3o de Sites em Curitiba<\/h1>\n<p>Somos uma ag\u00eancia de\u00a0<strong>cria\u00e7\u00e3o de sites<\/strong>\u00a0especializada na\u00a0<strong>cria\u00e7\u00e3o de Sites<\/strong>, atualiza\u00e7\u00e3o e desenvolvimento de plataformas web otimizadas e responsivas, ou seja, que se adaptam a tablets e celulares. Trabalhamos com Sites Profissionais, utilizamos templates otimizados e modernos gerando para o cliente uma excelente experiencia visual e informativa.<\/p>\n<div id=\"advads-577600252\" class=\"advads-content\"><a href=\"https:\/\/oferta.wordseo.com.br\/\" target=\"_blank\" rel=\"noopener\"><img title = \"[Tags]\"alt = \"banner-04-inclua-brasil-mwplus-1024x573 Sobre N\u00f3s\"loading=\"lazy\" decoding=\"async\" src=\"https:\/\/wiy.com.br\/noticias\/wp-content\/uploads\/2019\/02\/criar-site.png\" width=\"728\" height=\"90\" border=\"0\" \/><\/a><\/div>\n<p>O Desenvolvimento e cria\u00e7\u00e3o de websites \u00e9 elaborado atrav\u00e9s de um estudo minucioso, relacionando todas as necessidades do cliente atrav\u00e9s de um planejamento estrat\u00e9gico para se obter os melhores resultados. A sintonia da criatividade e tecnologia com aplica\u00e7\u00f5es r\u00e1pidas e seguras faz com que a cria\u00e7\u00e3o de um novo site seja o diferencial de seus concorrentes, ultrapassando limites e garantindo a qualidade e a efici\u00eancia dos projetos.<\/p>\n<p>Com mais de 10 anos de experi\u00eancia no mercado de cria\u00e7\u00e3o e desenvolvimento de websites, nos especializamos tamb\u00e9m em Marketing Digital. Esse know-how nos permite criar desde a arquitetura de informa\u00e7\u00e3o, estrutura, design do site e principalmente sua divulga\u00e7\u00e3o. Conhe\u00e7a os principais cases de sucesso em: Cria\u00e7\u00e3o de Sites, E-commerces e Sistemas Personalizados.<\/p>\n<h2>Cria\u00e7\u00e3o de Sites em Curitiba<\/h2>\n<p>Todos os Sites que criamos possuem painel de controle onde o usu\u00e1rio pode administrar seu Site de forma f\u00e1cil e intuitiva, o Site \u00e9 de f\u00e1cil manuseio e pode ser completamente customizado a gosto do cliente e de acordo com seu segmento de atua\u00e7\u00e3o.<\/p>\n<h3>Cria\u00e7\u00e3o de Sites em Curitiba<\/h3>\n<p>O prazo de desenvolvimento de Site varia de 5 a 30 dias levando-se em conta os recursos utilizados na plataforma, como exemplo adicionar um chat bot, whatsapp web ou um chat interativo al\u00e9m de muitos outros recursos que possu\u00edmos.<\/p>\n<p><a href=\"https:\/\/wiy.com.br\/como-desenvolver-um-loja-virtual\/e-commerce-brasil-excelencia-em-ecommerce\/\" rel=\"attachment wp-att-3842\"><img title = \"[Tags]\"loading=\"lazy\" decoding=\"async\" class=\"size-full wp-image-3842 aligncenter\" src=\"https:\/\/wiy.com.br\/wp-content\/uploads\/2018\/10\/e-commerce-brasil-excelencia-em-ecommerce.png\" sizes=\"auto, (max-width: 390px) 100vw, 390px\" srcset=\"https:\/\/wiy.com.br\/wp-content\/uploads\/2018\/10\/e-commerce-brasil-excelencia-em-ecommerce.png 390w, https:\/\/wiy.com.br\/wp-content\/uploads\/2018\/10\/e-commerce-brasil-excelencia-em-ecommerce-300x99.png 300w\"alt = \"banner-04-inclua-brasil-mwplus-1024x573 Sobre N\u00f3s\" width=\"390\" height=\"129\" \/><\/a><\/p>\n<h4>Cria\u00e7\u00e3o de Sites em Curitiba<\/h4>\n<p>Aproveite no Promo\u00e7\u00e3o de Black Friday e fa\u00e7a seu Site com 50% de desconto e podendo ser pago em at\u00e9 10x nos cart\u00f5es, leve ainda o Certificado Digital, SSL,Selo de Seguran\u00e7a Gr\u00e1tis. Oferecemos ainda o servi\u00e7o de hospedagem para iniciar seu projeto sem demora.<\/p>\n<h2><a href=\"http:\/\/wiy.com.br\/blog\/criacao-de-sites\/\">Etapas do desenvolvimento do site<\/a><\/h2>\n<h3>Planejamento<\/h3>\n<ol>\n<li>An\u00e1lise do\u00a0<em>briefing<\/em>\u00a0para planejamento;<\/li>\n<li>Organiza\u00e7\u00e3o do conte\u00fado;<\/li>\n<li>Aquisi\u00e7\u00e3o do material necess\u00e1rio para desenvolvimento;<\/li>\n<\/ol>\n<h3>Design<\/h3>\n<ol>\n<li>Defini\u00e7\u00e3o da estrutura dos menus e p\u00e1ginas;<\/li>\n<li>Cria\u00e7\u00e3o do\u00a0<em>layout<\/em>, menus e p\u00e1ginas que far\u00e3o parte do sistema;<\/li>\n<li>Ajustes visuais em geral, disposi\u00e7\u00e3o e diagrama\u00e7\u00e3o;<\/li>\n<\/ol>\n<h3>Tecnologia<\/h3>\n<ol>\n<li>Programa\u00e7\u00e3o do site em PHP;<\/li>\n<li>Estrutura\u00e7\u00e3o das p\u00e1ginas em HTML5 com Tableless;<\/li>\n<li>Desenvolvimento do Gerenciador de Conte\u00fado;<\/li>\n<li>Cria\u00e7\u00e3o e revis\u00e3o das tabelas do banco de dados MySQL.<\/li>\n<\/ol>\n<\/div>\n<p><strong>Loja Virtual, Sites e Ead.<\/strong><br \/>\n<a href=\"https:\/\/wiy.com.br\/atualizacao-de-seguranca-para-loja-magento\/integracoes-magento\/\" rel=\"attachment wp-att-3654\"><img title = \"[Tags]\"loading=\"lazy\" decoding=\"async\" class=\" td-post-image-full aligncenter wp-image-3654 size-full\" src=\"https:\/\/wiy.com.br\/wp-content\/uploads\/2016\/11\/integracoes-magento.png\"alt = \"banner-04-inclua-brasil-mwplus-1024x573 Sobre N\u00f3s\" width=\"1140\" height=\"486\" \/><\/a><\/p>\n","protected":false},"excerpt":{"rendered":"<p>A Empresa Somos especializados no desenvolvimento,\u00a0cria\u00e7\u00e3o de Sites\u00a0e\u00a0Loja Virtual, fazendo da internet um poderoso meio de comunica\u00e7\u00e3o entre voc\u00ea e seus clientes. Nossos sites e Lojas Virtuais s\u00e3o administr\u00e1veis, ou seja, voc\u00ea mesmo poder\u00e1 atualizar. Criar um Site ou Loja significa que a empresa possui uma presen\u00e7a digital, por\u00e9m, de nada adianta ter uma presen\u00e7a [&hellip;]<\/p>\n","protected":false},"author":1,"featured_media":0,"parent":0,"menu_order":0,"comment_status":"closed","ping_status":"closed","template":"","meta":{"footnotes":""},"class_list":["post-659","page","type-page","status-publish","hentry"],"_links":{"self":[{"href":"https:\/\/wiy.com.br\/noticias\/wp-json\/wp\/v2\/pages\/659","targetHints":{"allow":["GET"]}}],"collection":[{"href":"https:\/\/wiy.com.br\/noticias\/wp-json\/wp\/v2\/pages"}],"about":[{"href":"https:\/\/wiy.com.br\/noticias\/wp-json\/wp\/v2\/types\/page"}],"author":[{"embeddable":true,"href":"https:\/\/wiy.com.br\/noticias\/wp-json\/wp\/v2\/users\/1"}],"replies":[{"embeddable":true,"href":"https:\/\/wiy.com.br\/noticias\/wp-json\/wp\/v2\/comments?post=659"}],"version-history":[{"count":9,"href":"https:\/\/wiy.com.br\/noticias\/wp-json\/wp\/v2\/pages\/659\/revisions"}],"predecessor-version":[{"id":9376,"href":"https:\/\/wiy.com.br\/noticias\/wp-json\/wp\/v2\/pages\/659\/revisions\/9376"}],"wp:attachment":[{"href":"https:\/\/wiy.com.br\/noticias\/wp-json\/wp\/v2\/media?parent=659"}],"curies":[{"name":"wp","href":"https:\/\/api.w.org\/{rel}","templated":true}]}}